{"id":1144,"date":"2021-09-06T12:22:33","date_gmt":"2021-09-06T12:22:33","guid":{"rendered":"http:\/\/spab-rice.com\/wordpress\/mogi\/demo\/?page_id=1144"},"modified":"2026-01-02T11:07:28","modified_gmt":"2026-01-02T11:07:28","slug":"about-studio","status":"publish","type":"page","link":"https:\/\/www.digistories.pl\/index.php\/about-studio\/","title":{"rendered":"O DigiStories"},"content":{"rendered":"\t\t<div data-elementor-type=\"wp-page\" data-elementor-id=\"1144\" class=\"elementor elementor-1144\">\n\t\t\t\t\t\t<section class=\"elementor-section elementor-top-section elementor-element elementor-element-bbc441c elementor-section-content-top elementor-section-boxed elementor-section-height-default elementor-section-height-default\" data-id=\"bbc441c\" data-element_type=\"section\">\n\t\t\t\t\t\t<div class=\"elementor-container elementor-column-gap-no\">\n\t\t\t\t\t<div class=\"elementor-column elementor-col-100 elementor-top-column elementor-element elementor-element-03645e9\" data-id=\"03645e9\" data-element_type=\"column\">\n\t\t\t<div class=\"elementor-widget-wrap elementor-element-populated\">\n\t\t\t\t\t\t<div class=\"elementor-element elementor-element-f03f082 elementor-widget elementor-widget-heading\" data-id=\"f03f082\" data-element_type=\"widget\" data-widget_type=\"heading.default\">\n\t\t\t\t<div class=\"elementor-widget-container\">\n\t\t\t\t\t<h2 class=\"elementor-heading-title elementor-size-default\"><b>Wsp\u00f3lnie opowiemy Twoj\u0105 histori\u0119.<\/b><br><br><b>Z nut\u0105 Digistories.<\/b><\/h2>\t\t\t\t<\/div>\n\t\t\t\t<\/div>\n\t\t\t\t\t<\/div>\n\t\t<\/div>\n\t\t\t\t\t<\/div>\n\t\t<\/section>\n\t\t\t\t<section class=\"elementor-section elementor-top-section elementor-element elementor-element-7873429 elementor-section-boxed elementor-section-height-default elementor-section-height-default\" data-id=\"7873429\" data-element_type=\"section\">\n\t\t\t\t\t\t<div class=\"elementor-container elementor-column-gap-default\">\n\t\t\t\t\t<div class=\"elementor-column elementor-col-100 elementor-top-column elementor-element elementor-element-5dac9fa\" data-id=\"5dac9fa\" data-element_type=\"column\">\n\t\t\t<div class=\"elementor-widget-wrap elementor-element-populated\">\n\t\t\t\t\t\t<div class=\"elementor-element elementor-element-360ba3e elementor-widget elementor-widget-heading\" data-id=\"360ba3e\" data-element_type=\"widget\" data-widget_type=\"heading.default\">\n\t\t\t\t<div class=\"elementor-widget-container\">\n\t\t\t\t\t<h3 class=\"elementor-heading-title elementor-size-default\"><b>Digistories tworzy\u0142o m.in. dla:<\/b><\/h3>\t\t\t\t<\/div>\n\t\t\t\t<\/div>\n\t\t\t\t\t<\/div>\n\t\t<\/div>\n\t\t\t\t\t<\/div>\n\t\t<\/section>\n\t\t\t\t<section class=\"elementor-section elementor-top-section elementor-element elementor-element-ed1a598 elementor-section-boxed elementor-section-height-default elementor-section-height-default\" data-id=\"ed1a598\" data-element_type=\"section\">\n\t\t\t\t\t\t<div class=\"elementor-container elementor-column-gap-default\">\n\t\t\t\t\t<div class=\"elementor-column elementor-col-100 elementor-top-column elementor-element elementor-element-b5e9392\" data-id=\"b5e9392\" data-element_type=\"column\">\n\t\t\t<div class=\"elementor-widget-wrap elementor-element-populated\">\n\t\t\t\t\t\t<div class=\"elementor-element elementor-element-64edf66 elementor-widget elementor-widget-spacer\" data-id=\"64edf66\" data-element_type=\"widget\" data-widget_type=\"spacer.default\">\n\t\t\t\t<div class=\"elementor-widget-container\">\n\t\t\t\t\t\t\t<div class=\"elementor-spacer\">\n\t\t\t<div class=\"elementor-spacer-inner\"><\/div>\n\t\t<\/div>\n\t\t\t\t\t\t<\/div>\n\t\t\t\t<\/div>\n\t\t\t\t\t<\/div>\n\t\t<\/div>\n\t\t\t\t\t<\/div>\n\t\t<\/section>\n\t\t\t\t<section class=\"elementor-section elementor-top-section elementor-element elementor-element-75d22bd elementor-section-boxed elementor-section-height-default elementor-section-height-default\" data-id=\"75d22bd\" data-element_type=\"section\">\n\t\t\t\t\t\t<div class=\"elementor-container elementor-column-gap-default\">\n\t\t\t\t\t<div class=\"elementor-column elementor-col-100 elementor-top-column elementor-element elementor-element-abd1dc8\" data-id=\"abd1dc8\" data-element_type=\"column\">\n\t\t\t<div class=\"elementor-widget-wrap elementor-element-populated\">\n\t\t\t\t\t\t<div class=\"elementor-element elementor-element-8daa103 elementor-arrows-position-inside elementor-pagination-position-outside elementor-widget elementor-widget-image-carousel\" data-id=\"8daa103\" data-element_type=\"widget\" data-settings=\"{&quot;lazyload&quot;:&quot;yes&quot;,&quot;autoplay_speed&quot;:3500,&quot;image_spacing_custom&quot;:{&quot;unit&quot;:&quot;px&quot;,&quot;size&quot;:26,&quot;sizes&quot;:[]},&quot;navigation&quot;:&quot;both&quot;,&quot;autoplay&quot;:&quot;yes&quot;,&quot;pause_on_hover&quot;:&quot;yes&quot;,&quot;pause_on_interaction&quot;:&quot;yes&quot;,&quot;infinite&quot;:&quot;yes&quot;,&quot;speed&quot;:500,&quot;image_spacing_custom_tablet&quot;:{&quot;unit&quot;:&quot;px&quot;,&quot;size&quot;:&quot;&quot;,&quot;sizes&quot;:[]},&quot;image_spacing_custom_mobile&quot;:{&quot;unit&quot;:&quot;px&quot;,&quot;size&quot;:&quot;&quot;,&quot;sizes&quot;:[]}}\" data-widget_type=\"image-carousel.default\">\n\t\t\t\t<div class=\"elementor-widget-container\">\n\t\t\t\t\t\t\t<div class=\"elementor-image-carousel-wrapper swiper\" role=\"region\" aria-roledescription=\"carousel\" aria-label=\"Karuzela obrazk\u00f3w\" dir=\"ltr\">\n\t\t\t<div class=\"elementor-image-carousel swiper-wrapper\" aria-live=\"off\">\n\t\t\t\t\t\t\t\t<div class=\"swiper-slide\" role=\"group\" aria-roledescription=\"slide\" aria-label=\"1 z 11\"><figure class=\"swiper-slide-inner\"><img class=\"swiper-slide-image swiper-lazy\" data-src=\"https:\/\/www.digistories.pl\/wp-content\/uploads\/2023\/01\/antal-2.png\" alt=\"antal\" \/><div class=\"swiper-lazy-preloader\"><\/div><\/figure><\/div><div class=\"swiper-slide\" role=\"group\" aria-roledescription=\"slide\" aria-label=\"2 z 11\"><figure class=\"swiper-slide-inner\"><img class=\"swiper-slide-image swiper-lazy\" data-src=\"https:\/\/www.digistories.pl\/wp-content\/uploads\/2023\/01\/klarna-1.png\" alt=\"klarna\" \/><div class=\"swiper-lazy-preloader\"><\/div><\/figure><\/div><div class=\"swiper-slide\" role=\"group\" aria-roledescription=\"slide\" aria-label=\"3 z 11\"><figure class=\"swiper-slide-inner\"><img class=\"swiper-slide-image swiper-lazy\" data-src=\"https:\/\/www.digistories.pl\/wp-content\/uploads\/2023\/01\/inspiro2.png\" alt=\"inspiro2\" \/><div class=\"swiper-lazy-preloader\"><\/div><\/figure><\/div><div class=\"swiper-slide\" role=\"group\" aria-roledescription=\"slide\" aria-label=\"4 z 11\"><figure class=\"swiper-slide-inner\"><img class=\"swiper-slide-image swiper-lazy\" data-src=\"https:\/\/www.digistories.pl\/wp-content\/uploads\/2023\/01\/elinsaudio_-_bez_tla-1.png\" alt=\"elinsaudio_-_bez_tla\" \/><div class=\"swiper-lazy-preloader\"><\/div><\/figure><\/div><div class=\"swiper-slide\" role=\"group\" aria-roledescription=\"slide\" aria-label=\"5 z 11\"><figure class=\"swiper-slide-inner\"><img class=\"swiper-slide-image swiper-lazy\" data-src=\"https:\/\/www.digistories.pl\/wp-content\/uploads\/2023\/01\/iom-2.png\" alt=\"iom\" \/><div class=\"swiper-lazy-preloader\"><\/div><\/figure><\/div><div class=\"swiper-slide\" role=\"group\" aria-roledescription=\"slide\" aria-label=\"6 z 11\"><figure class=\"swiper-slide-inner\"><img class=\"swiper-slide-image swiper-lazy\" data-src=\"https:\/\/www.digistories.pl\/wp-content\/uploads\/2023\/01\/jp.png\" alt=\"jp\" \/><div class=\"swiper-lazy-preloader\"><\/div><\/figure><\/div><div class=\"swiper-slide\" role=\"group\" aria-roledescription=\"slide\" aria-label=\"7 z 11\"><figure class=\"swiper-slide-inner\"><img class=\"swiper-slide-image swiper-lazy\" data-src=\"https:\/\/www.digistories.pl\/wp-content\/uploads\/2023\/01\/advestor-1.png\" alt=\"advestor\" \/><div class=\"swiper-lazy-preloader\"><\/div><\/figure><\/div><div class=\"swiper-slide\" role=\"group\" aria-roledescription=\"slide\" aria-label=\"8 z 11\"><figure class=\"swiper-slide-inner\"><img class=\"swiper-slide-image swiper-lazy\" data-src=\"https:\/\/www.digistories.pl\/wp-content\/uploads\/2023\/01\/centrum_cyfrowe-1.png\" alt=\"centrum_cyfrowe\" \/><div class=\"swiper-lazy-preloader\"><\/div><\/figure><\/div><div class=\"swiper-slide\" role=\"group\" aria-roledescription=\"slide\" aria-label=\"9 z 11\"><figure class=\"swiper-slide-inner\"><img class=\"swiper-slide-image swiper-lazy\" data-src=\"https:\/\/www.digistories.pl\/wp-content\/uploads\/2023\/01\/fc.png\" alt=\"fc\" \/><div class=\"swiper-lazy-preloader\"><\/div><\/figure><\/div><div class=\"swiper-slide\" role=\"group\" aria-roledescription=\"slide\" aria-label=\"10 z 11\"><figure class=\"swiper-slide-inner\"><img class=\"swiper-slide-image swiper-lazy\" data-src=\"https:\/\/www.digistories.pl\/wp-content\/uploads\/2023\/01\/rayan_controls.png\" alt=\"rayan_controls\" \/><div class=\"swiper-lazy-preloader\"><\/div><\/figure><\/div><div class=\"swiper-slide\" role=\"group\" aria-roledescription=\"slide\" aria-label=\"11 z 11\"><figure class=\"swiper-slide-inner\"><img class=\"swiper-slide-image swiper-lazy\" data-src=\"https:\/\/www.digistories.pl\/wp-content\/uploads\/2023\/07\/gedeon.png\" alt=\"gedeon\" \/><div class=\"swiper-lazy-preloader\"><\/div><\/figure><\/div>\t\t\t<\/div>\n\t\t\t\t\t\t\t\t\t\t\t\t<div class=\"elementor-swiper-button elementor-swiper-button-prev\" role=\"button\" tabindex=\"0\">\n\t\t\t\t\t\t<i aria-hidden=\"true\" class=\"eicon-chevron-left\"><\/i>\t\t\t\t\t<\/div>\n\t\t\t\t\t<div class=\"elementor-swiper-button elementor-swiper-button-next\" role=\"button\" tabindex=\"0\">\n\t\t\t\t\t\t<i aria-hidden=\"true\" class=\"eicon-chevron-right\"><\/i>\t\t\t\t\t<\/div>\n\t\t\t\t\n\t\t\t\t\t\t\t\t\t<div class=\"swiper-pagination\"><\/div>\n\t\t\t\t\t\t\t\t\t<\/div>\n\t\t\t\t\t\t<\/div>\n\t\t\t\t<\/div>\n\t\t\t\t\t<\/div>\n\t\t<\/div>\n\t\t\t\t\t<\/div>\n\t\t<\/section>\n\t\t\t\t<\/div>\n\t\t","protected":false},"excerpt":{"rendered":"<p>Wsp\u00f3lnie opowiemy Twoj\u0105 histori\u0119. Z nut\u0105 Digistories. Digistories tworzy\u0142o m.in. dla:<\/p>\n","protected":false},"author":1,"featured_media":0,"parent":0,"menu_order":0,"comment_status":"closed","ping_status":"closed","template":"","meta":{"footnotes":""},"class_list":["post-1144","page","type-page","status-publish","hentry","isotope-item"],"yoast_head":"<!-- This site is optimized with the Yoast SEO plugin v26.6 - https:\/\/yoast.com\/wordpress\/plugins\/seo\/ -->\n<title>O DigiStories - DigiStories Adrian Todorczuk<\/title>\n<meta name=\"robots\" content=\"index, follow, max-snippet:-1, max-image-preview:large, max-video-preview:-1\" \/>\n<link rel=\"canonical\" href=\"https:\/\/www.digistories.pl\/index.php\/about-studio\/\" \/>\n<meta property=\"og:locale\" content=\"pl_PL\" \/>\n<meta property=\"og:type\" content=\"article\" \/>\n<meta property=\"og:title\" content=\"O DigiStories - DigiStories Adrian Todorczuk\" \/>\n<meta property=\"og:description\" content=\"Wsp\u00f3lnie opowiemy Twoj\u0105 histori\u0119. Z nut\u0105 Digistories. Digistories tworzy\u0142o m.in. dla:\" \/>\n<meta property=\"og:url\" content=\"https:\/\/www.digistories.pl\/index.php\/about-studio\/\" \/>\n<meta property=\"og:site_name\" content=\"DigiStories Adrian Todorczuk\" \/>\n<meta property=\"article:modified_time\" content=\"2026-01-02T11:07:28+00:00\" \/>\n<meta property=\"og:image\" content=\"https:\/\/www.digistories.pl\/wp-content\/uploads\/2023\/01\/antal-2.png\" \/>\n<meta name=\"twitter:card\" content=\"summary_large_image\" \/>\n<meta name=\"twitter:label1\" content=\"Szacowany czas czytania\" \/>\n\t<meta name=\"twitter:data1\" content=\"4 minuty\" \/>\n<script type=\"application\/ld+json\" class=\"yoast-schema-graph\">{\"@context\":\"https:\/\/schema.org\",\"@graph\":[{\"@type\":\"WebPage\",\"@id\":\"https:\/\/www.digistories.pl\/index.php\/about-studio\/\",\"url\":\"https:\/\/www.digistories.pl\/index.php\/about-studio\/\",\"name\":\"O DigiStories - DigiStories Adrian Todorczuk\",\"isPartOf\":{\"@id\":\"https:\/\/www.digistories.pl\/#website\"},\"primaryImageOfPage\":{\"@id\":\"https:\/\/www.digistories.pl\/index.php\/about-studio\/#primaryimage\"},\"image\":{\"@id\":\"https:\/\/www.digistories.pl\/index.php\/about-studio\/#primaryimage\"},\"thumbnailUrl\":\"https:\/\/www.digistories.pl\/wp-content\/uploads\/2023\/01\/antal-2.png\",\"datePublished\":\"2021-09-06T12:22:33+00:00\",\"dateModified\":\"2026-01-02T11:07:28+00:00\",\"breadcrumb\":{\"@id\":\"https:\/\/www.digistories.pl\/index.php\/about-studio\/#breadcrumb\"},\"inLanguage\":\"pl-PL\",\"potentialAction\":[{\"@type\":\"ReadAction\",\"target\":[\"https:\/\/www.digistories.pl\/index.php\/about-studio\/\"]}]},{\"@type\":\"ImageObject\",\"inLanguage\":\"pl-PL\",\"@id\":\"https:\/\/www.digistories.pl\/index.php\/about-studio\/#primaryimage\",\"url\":\"https:\/\/www.digistories.pl\/wp-content\/uploads\/2023\/01\/antal-2.png\",\"contentUrl\":\"https:\/\/www.digistories.pl\/wp-content\/uploads\/2023\/01\/antal-2.png\",\"width\":400,\"height\":250},{\"@type\":\"BreadcrumbList\",\"@id\":\"https:\/\/www.digistories.pl\/index.php\/about-studio\/#breadcrumb\",\"itemListElement\":[{\"@type\":\"ListItem\",\"position\":1,\"name\":\"Strona g\u0142\u00f3wna\",\"item\":\"https:\/\/www.digistories.pl\/\"},{\"@type\":\"ListItem\",\"position\":2,\"name\":\"O DigiStories\"}]},{\"@type\":\"WebSite\",\"@id\":\"https:\/\/www.digistories.pl\/#website\",\"url\":\"https:\/\/www.digistories.pl\/\",\"name\":\"DigiStories Adrian Todorczuk\",\"description\":\"\",\"publisher\":{\"@id\":\"https:\/\/www.digistories.pl\/#organization\"},\"potentialAction\":[{\"@type\":\"SearchAction\",\"target\":{\"@type\":\"EntryPoint\",\"urlTemplate\":\"https:\/\/www.digistories.pl\/?s={search_term_string}\"},\"query-input\":{\"@type\":\"PropertyValueSpecification\",\"valueRequired\":true,\"valueName\":\"search_term_string\"}}],\"inLanguage\":\"pl-PL\"},{\"@type\":\"Organization\",\"@id\":\"https:\/\/www.digistories.pl\/#organization\",\"name\":\"DigiStories Adrian Todorczuk\",\"url\":\"https:\/\/www.digistories.pl\/\",\"logo\":{\"@type\":\"ImageObject\",\"inLanguage\":\"pl-PL\",\"@id\":\"https:\/\/www.digistories.pl\/#\/schema\/logo\/image\/\",\"url\":\"https:\/\/www.digistories.pl\/wp-content\/uploads\/2022\/08\/digi-stories-sygnet-jasne.png\",\"contentUrl\":\"https:\/\/www.digistories.pl\/wp-content\/uploads\/2022\/08\/digi-stories-sygnet-jasne.png\",\"width\":1493,\"height\":1526,\"caption\":\"DigiStories Adrian Todorczuk\"},\"image\":{\"@id\":\"https:\/\/www.digistories.pl\/#\/schema\/logo\/image\/\"}}]}<\/script>\n<!-- \/ Yoast SEO plugin. -->","yoast_head_json":{"title":"O DigiStories - DigiStories Adrian Todorczuk","robots":{"index":"index","follow":"follow","max-snippet":"max-snippet:-1","max-image-preview":"max-image-preview:large","max-video-preview":"max-video-preview:-1"},"canonical":"https:\/\/www.digistories.pl\/index.php\/about-studio\/","og_locale":"pl_PL","og_type":"article","og_title":"O DigiStories - DigiStories Adrian Todorczuk","og_description":"Wsp\u00f3lnie opowiemy Twoj\u0105 histori\u0119. Z nut\u0105 Digistories. Digistories tworzy\u0142o m.in. dla:","og_url":"https:\/\/www.digistories.pl\/index.php\/about-studio\/","og_site_name":"DigiStories Adrian Todorczuk","article_modified_time":"2026-01-02T11:07:28+00:00","og_image":[{"url":"https:\/\/www.digistories.pl\/wp-content\/uploads\/2023\/01\/antal-2.png","type":"","width":"","height":""}],"twitter_card":"summary_large_image","twitter_misc":{"Szacowany czas czytania":"4 minuty"},"schema":{"@context":"https:\/\/schema.org","@graph":[{"@type":"WebPage","@id":"https:\/\/www.digistories.pl\/index.php\/about-studio\/","url":"https:\/\/www.digistories.pl\/index.php\/about-studio\/","name":"O DigiStories - DigiStories Adrian Todorczuk","isPartOf":{"@id":"https:\/\/www.digistories.pl\/#website"},"primaryImageOfPage":{"@id":"https:\/\/www.digistories.pl\/index.php\/about-studio\/#primaryimage"},"image":{"@id":"https:\/\/www.digistories.pl\/index.php\/about-studio\/#primaryimage"},"thumbnailUrl":"https:\/\/www.digistories.pl\/wp-content\/uploads\/2023\/01\/antal-2.png","datePublished":"2021-09-06T12:22:33+00:00","dateModified":"2026-01-02T11:07:28+00:00","breadcrumb":{"@id":"https:\/\/www.digistories.pl\/index.php\/about-studio\/#breadcrumb"},"inLanguage":"pl-PL","potentialAction":[{"@type":"ReadAction","target":["https:\/\/www.digistories.pl\/index.php\/about-studio\/"]}]},{"@type":"ImageObject","inLanguage":"pl-PL","@id":"https:\/\/www.digistories.pl\/index.php\/about-studio\/#primaryimage","url":"https:\/\/www.digistories.pl\/wp-content\/uploads\/2023\/01\/antal-2.png","contentUrl":"https:\/\/www.digistories.pl\/wp-content\/uploads\/2023\/01\/antal-2.png","width":400,"height":250},{"@type":"BreadcrumbList","@id":"https:\/\/www.digistories.pl\/index.php\/about-studio\/#breadcrumb","itemListElement":[{"@type":"ListItem","position":1,"name":"Strona g\u0142\u00f3wna","item":"https:\/\/www.digistories.pl\/"},{"@type":"ListItem","position":2,"name":"O DigiStories"}]},{"@type":"WebSite","@id":"https:\/\/www.digistories.pl\/#website","url":"https:\/\/www.digistories.pl\/","name":"DigiStories Adrian Todorczuk","description":"","publisher":{"@id":"https:\/\/www.digistories.pl\/#organization"},"potentialAction":[{"@type":"SearchAction","target":{"@type":"EntryPoint","urlTemplate":"https:\/\/www.digistories.pl\/?s={search_term_string}"},"query-input":{"@type":"PropertyValueSpecification","valueRequired":true,"valueName":"search_term_string"}}],"inLanguage":"pl-PL"},{"@type":"Organization","@id":"https:\/\/www.digistories.pl\/#organization","name":"DigiStories Adrian Todorczuk","url":"https:\/\/www.digistories.pl\/","logo":{"@type":"ImageObject","inLanguage":"pl-PL","@id":"https:\/\/www.digistories.pl\/#\/schema\/logo\/image\/","url":"https:\/\/www.digistories.pl\/wp-content\/uploads\/2022\/08\/digi-stories-sygnet-jasne.png","contentUrl":"https:\/\/www.digistories.pl\/wp-content\/uploads\/2022\/08\/digi-stories-sygnet-jasne.png","width":1493,"height":1526,"caption":"DigiStories Adrian Todorczuk"},"image":{"@id":"https:\/\/www.digistories.pl\/#\/schema\/logo\/image\/"}}]}},"_links":{"self":[{"href":"https:\/\/www.digistories.pl\/index.php\/wp-json\/wp\/v2\/pages\/1144","targetHints":{"allow":["GET"]}}],"collection":[{"href":"https:\/\/www.digistories.pl\/index.php\/wp-json\/wp\/v2\/pages"}],"about":[{"href":"https:\/\/www.digistories.pl\/index.php\/wp-json\/wp\/v2\/types\/page"}],"author":[{"embeddable":true,"href":"https:\/\/www.digistories.pl\/index.php\/wp-json\/wp\/v2\/users\/1"}],"replies":[{"embeddable":true,"href":"https:\/\/www.digistories.pl\/index.php\/wp-json\/wp\/v2\/comments?post=1144"}],"version-history":[{"count":75,"href":"https:\/\/www.digistories.pl\/index.php\/wp-json\/wp\/v2\/pages\/1144\/revisions"}],"predecessor-version":[{"id":3159,"href":"https:\/\/www.digistories.pl\/index.php\/wp-json\/wp\/v2\/pages\/1144\/revisions\/3159"}],"wp:attachment":[{"href":"https:\/\/www.digistories.pl\/index.php\/wp-json\/wp\/v2\/media?parent=1144"}],"curies":[{"name":"wp","href":"https:\/\/api.w.org\/{rel}","templated":true}]}}